{"id":2561,"date":"2025-03-18T11:33:09","date_gmt":"2025-03-18T10:33:09","guid":{"rendered":"https:\/\/reverencesartisanats.com\/crafts\/"},"modified":"2025-05-12T13:07:38","modified_gmt":"2025-05-12T11:07:38","slug":"crafts","status":"publish","type":"page","link":"https:\/\/reverencesartisanats.com\/en\/crafts\/","title":{"rendered":"Crafts"},"content":{"rendered":"\t\t<div data-elementor-type=\"wp-page\" data-elementor-id=\"2561\" class=\"elementor elementor-2561 elementor-1535\" data-elementor-post-type=\"page\">\n\t\t\t\t<div class=\"elementor-element elementor-element-01bb78f e-con-full e-flex e-con e-parent\" data-id=\"01bb78f\" data-element_type=\"container\" data-e-type=\"container\" data-settings=\"{&quot;background_background&quot;:&quot;classic&quot;}\">\n\t\t\t\t<div class=\"elementor-element elementor-element-fa0025a elementor-widget elementor-widget-heading\" data-id=\"fa0025a\" data-element_type=\"widget\" data-e-type=\"widget\" data-widget_type=\"heading.default\">\n\t\t\t\t<div class=\"elementor-widget-container\">\n\t\t\t\t\t<h1 class=\"elementor-heading-title elementor-size-default\">CRAFT<\/h1>\t\t\t\t<\/div>\n\t\t\t\t<\/div>\n\t\t\t\t<\/div>\n\t\t<div class=\"elementor-element elementor-element-a5de30e e-flex e-con-boxed e-con e-parent\" data-id=\"a5de30e\" data-element_type=\"container\" data-e-type=\"container\">\n\t\t\t\t\t<div class=\"e-con-inner\">\n\t\t<div class=\"elementor-element elementor-element-572ee7f e-con-full e-flex e-con e-child\" data-id=\"572ee7f\" data-element_type=\"container\" data-e-type=\"container\">\n\t\t\t\t<div class=\"elementor-element elementor-element-cc17a76 elementor-widget elementor-widget-image\" data-id=\"cc17a76\" data-element_type=\"widget\" data-e-type=\"widget\" data-widget_type=\"image.default\">\n\t\t\t\t<div class=\"elementor-widget-container\">\n\t\t\t\t\t\t\t\t\t\t\t\t\t\t\t<img fetchpriority=\"high\" decoding=\"async\" width=\"600\" height=\"625\" src=\"https:\/\/reverencesartisanats.com\/wp-content\/uploads\/2025\/04\/Terre.webp\" class=\"attachment-large size-large wp-image-2463\" alt=\"d\u00e9couvrez les cr\u00e9ations en terre disponibles sur la boutique d&#039;artisans en ligne, R\u00e9v\u00e9rences artisanats\" srcset=\"https:\/\/reverencesartisanats.com\/wp-content\/uploads\/2025\/04\/Terre.webp 600w, https:\/\/reverencesartisanats.com\/wp-content\/uploads\/2025\/04\/Terre-416x433.webp 416w, https:\/\/reverencesartisanats.com\/wp-content\/uploads\/2025\/04\/Terre-288x300.jpg 288w\" sizes=\"(max-width: 600px) 100vw, 600px\" \/>\t\t\t\t\t\t\t\t\t\t\t\t\t\t\t<\/div>\n\t\t\t\t<\/div>\n\t\t\t\t<\/div>\n\t\t<div class=\"elementor-element elementor-element-e179fb4 e-con-full e-flex e-con e-child\" data-id=\"e179fb4\" data-element_type=\"container\" data-e-type=\"container\">\n\t\t\t\t<div class=\"elementor-element elementor-element-f6ed06e elementor-widget elementor-widget-heading\" data-id=\"f6ed06e\" data-element_type=\"widget\" data-e-type=\"widget\" data-widget_type=\"heading.default\">\n\t\t\t\t<div class=\"elementor-widget-container\">\n\t\t\t\t\t<h2 class=\"elementor-heading-title elementor-size-default\">Earth<\/h2>\t\t\t\t<\/div>\n\t\t\t\t<\/div>\n\t\t\t\t<div class=\"elementor-element elementor-element-c63b82e couper-texte mots-40 elementor-widget elementor-widget-text-editor\" data-id=\"c63b82e\" data-element_type=\"widget\" data-e-type=\"widget\" id=\"terre\" data-widget_type=\"text-editor.default\">\n\t\t\t\t<div class=\"elementor-widget-container\">\n\t\t\t\t\t\t\t\t\t<p><span style=\"font-weight: 400;\">The materials used by potters and ceramicists are primarily composed of natural clay.<\/span><\/p><p><span style=\"font-weight: 400;\">Earthenware is a low-temperature clay fired at around 1100\u00b0C. It is appreciated for its plasticity and ease of handling. After firing, it remains soft and porous, requiring glazing to become impermeable.<\/span><\/p><p><span style=\"font-weight: 400;\">Stoneware fired at over 1200\u00b0C is a waterproof, frost-resistant and scratch-resistant clay thanks to its high hardness.<\/span><\/p><p><span style=\"font-weight: 400;\">Porcelain is a fine, pure clay, often composed of kaolin. It is fired at very high temperatures, generally around 1300\u00b0C, which gives it great strength, translucency and a characteristic whiteness.<\/span><\/p>\t\t\t\t\t\t\t\t<\/div>\n\t\t\t\t<\/div>\n\t\t\t\t<div class=\"elementor-element elementor-element-72e87d2 elementor-align-left elementor-mobile-align-center elementor-widget elementor-widget-button\" data-id=\"72e87d2\" data-element_type=\"widget\" data-e-type=\"widget\" data-widget_type=\"button.default\">\n\t\t\t\t<div class=\"elementor-widget-container\">\n\t\t\t\t\t\t\t\t\t<div class=\"elementor-button-wrapper\">\n\t\t\t\t\t<a class=\"elementor-button elementor-button-link elementor-size-sm\" href=\"https:\/\/reverencesartisanats.com\/en\/earth\/\">\n\t\t\t\t\t\t<span class=\"elementor-button-content-wrapper\">\n\t\t\t\t\t\t\t\t\t<span class=\"elementor-button-text\">more<\/span>\n\t\t\t\t\t<\/span>\n\t\t\t\t\t<\/a>\n\t\t\t\t<\/div>\n\t\t\t\t\t\t\t\t<\/div>\n\t\t\t\t<\/div>\n\t\t\t\t<\/div>\n\t\t\t\t\t<\/div>\n\t\t\t\t<\/div>\n\t\t<div class=\"elementor-element elementor-element-5afc822 e-flex e-con-boxed e-con e-parent\" data-id=\"5afc822\" data-element_type=\"container\" data-e-type=\"container\">\n\t\t\t\t\t<div class=\"e-con-inner\">\n\t\t<div class=\"elementor-element elementor-element-425c38f e-con-full e-flex e-con e-child\" data-id=\"425c38f\" data-element_type=\"container\" data-e-type=\"container\">\n\t\t\t\t<div class=\"elementor-element elementor-element-95a60eb elementor-widget elementor-widget-heading\" data-id=\"95a60eb\" data-element_type=\"widget\" data-e-type=\"widget\" data-widget_type=\"heading.default\">\n\t\t\t\t<div class=\"elementor-widget-container\">\n\t\t\t\t\t<h2 class=\"elementor-heading-title elementor-size-default\">Glass<\/h2>\t\t\t\t<\/div>\n\t\t\t\t<\/div>\n\t\t\t\t<div class=\"elementor-element elementor-element-b11f1cc couper-texte mots-40 elementor-widget elementor-widget-text-editor\" data-id=\"b11f1cc\" data-element_type=\"widget\" data-e-type=\"widget\" data-widget_type=\"text-editor.default\">\n\t\t\t\t<div class=\"elementor-widget-container\">\n\t\t\t\t\t\t\t\t\t<p><span style=\"font-weight: 400;\">Glass is mainly composed of several basic elements: sand or silica, sodium carbonate or soda and calcium oxide or lime, and in small quantities other components are added such as magnesium oxide, aluminum and metal oxides to give it color. The components are heated to a very high temperature of around 1500\u00b0C to obtain a molten mass, which is then cooled and shaped. Glass is a versatile material for creating decorative and functional objects. Molten glass is often blown using a tube to create vases, bowls and sculptures, and can be fused by combining several colors to create flat objects. Glass can be poured into molds to create objects with complex shapes, or drawn into fibers to create all kinds of decorative elements. Recyclable, used glass can be remelted and reshaped to create environmentally-friendly objects.<\/span><\/p>\t\t\t\t\t\t\t\t<\/div>\n\t\t\t\t<\/div>\n\t\t\t\t<div class=\"elementor-element elementor-element-0d6889f elementor-align-left elementor-mobile-align-center elementor-widget elementor-widget-button\" data-id=\"0d6889f\" data-element_type=\"widget\" data-e-type=\"widget\" data-widget_type=\"button.default\">\n\t\t\t\t<div class=\"elementor-widget-container\">\n\t\t\t\t\t\t\t\t\t<div class=\"elementor-button-wrapper\">\n\t\t\t\t\t<a class=\"elementor-button elementor-button-link elementor-size-sm\" href=\"https:\/\/reverencesartisanats.com\/en\/glass\/\">\n\t\t\t\t\t\t<span class=\"elementor-button-content-wrapper\">\n\t\t\t\t\t\t\t\t\t<span class=\"elementor-button-text\">more<\/span>\n\t\t\t\t\t<\/span>\n\t\t\t\t\t<\/a>\n\t\t\t\t<\/div>\n\t\t\t\t\t\t\t\t<\/div>\n\t\t\t\t<\/div>\n\t\t\t\t<\/div>\n\t\t<div class=\"elementor-element elementor-element-b030d3e e-con-full e-flex e-con e-child\" data-id=\"b030d3e\" data-element_type=\"container\" data-e-type=\"container\">\n\t\t\t\t<div class=\"elementor-element elementor-element-8f97b6c elementor-widget elementor-widget-image\" data-id=\"8f97b6c\" data-element_type=\"widget\" data-e-type=\"widget\" data-widget_type=\"image.default\">\n\t\t\t\t<div class=\"elementor-widget-container\">\n\t\t\t\t\t\t\t\t\t\t\t\t\t\t\t<img decoding=\"async\" width=\"600\" height=\"625\" src=\"https:\/\/reverencesartisanats.com\/wp-content\/uploads\/2025\/04\/verre.webp\" class=\"attachment-large size-large wp-image-2459\" alt=\"De nombreuses cr\u00e9ations originales en verre sont disponibles sur notre boutique d&#039;artisans en ligne\" srcset=\"https:\/\/reverencesartisanats.com\/wp-content\/uploads\/2025\/04\/verre.webp 600w, https:\/\/reverencesartisanats.com\/wp-content\/uploads\/2025\/04\/verre-416x433.webp 416w, https:\/\/reverencesartisanats.com\/wp-content\/uploads\/2025\/04\/verre-288x300.jpg 288w\" sizes=\"(max-width: 600px) 100vw, 600px\" \/>\t\t\t\t\t\t\t\t\t\t\t\t\t\t\t<\/div>\n\t\t\t\t<\/div>\n\t\t\t\t<\/div>\n\t\t\t\t\t<\/div>\n\t\t\t\t<\/div>\n\t\t<div class=\"elementor-element elementor-element-0fcf8b1 e-flex e-con-boxed e-con e-parent\" data-id=\"0fcf8b1\" data-element_type=\"container\" data-e-type=\"container\">\n\t\t\t\t\t<div class=\"e-con-inner\">\n\t\t<div class=\"elementor-element elementor-element-07343a5 e-con-full e-flex e-con e-child\" data-id=\"07343a5\" data-element_type=\"container\" data-e-type=\"container\">\n\t\t\t\t<div class=\"elementor-element elementor-element-f84697f elementor-widget elementor-widget-image\" data-id=\"f84697f\" data-element_type=\"widget\" data-e-type=\"widget\" data-widget_type=\"image.default\">\n\t\t\t\t<div class=\"elementor-widget-container\">\n\t\t\t\t\t\t\t\t\t\t\t\t\t\t\t<img decoding=\"async\" width=\"600\" height=\"625\" src=\"https:\/\/reverencesartisanats.com\/wp-content\/uploads\/2025\/04\/papier.webp\" class=\"attachment-large size-large wp-image-2461\" alt=\"Dessins, illustrations... Vous trouverez de nombreuses cr\u00e9ations sur papier sur notre boutique d&#039;artisans en ligne\" srcset=\"https:\/\/reverencesartisanats.com\/wp-content\/uploads\/2025\/04\/papier.webp 600w, https:\/\/reverencesartisanats.com\/wp-content\/uploads\/2025\/04\/papier-416x433.webp 416w, https:\/\/reverencesartisanats.com\/wp-content\/uploads\/2025\/04\/papier-288x300.jpg 288w\" sizes=\"(max-width: 600px) 100vw, 600px\" \/>\t\t\t\t\t\t\t\t\t\t\t\t\t\t\t<\/div>\n\t\t\t\t<\/div>\n\t\t\t\t<\/div>\n\t\t<div class=\"elementor-element elementor-element-2f93c92 e-con-full e-flex e-con e-child\" data-id=\"2f93c92\" data-element_type=\"container\" data-e-type=\"container\">\n\t\t\t\t<div class=\"elementor-element elementor-element-28d56a1 elementor-widget elementor-widget-heading\" data-id=\"28d56a1\" data-element_type=\"widget\" data-e-type=\"widget\" data-widget_type=\"heading.default\">\n\t\t\t\t<div class=\"elementor-widget-container\">\n\t\t\t\t\t<h2 class=\"elementor-heading-title elementor-size-default\">Paper<\/h2>\t\t\t\t<\/div>\n\t\t\t\t<\/div>\n\t\t\t\t<div class=\"elementor-element elementor-element-015b540 couper-texte mots-40 elementor-widget elementor-widget-text-editor\" data-id=\"015b540\" data-element_type=\"widget\" data-e-type=\"widget\" data-widget_type=\"text-editor.default\">\n\t\t\t\t<div class=\"elementor-widget-container\">\n\t\t\t\t\t\t\t\t\t<p><span style=\"font-weight: 400;\">Making paper is a complex process involving several stages: harvesting cellulose fibers from wood, rags, bamboo or straw, including rice straw. Once defibered to obtain a paste ready for bleaching, then refined, the paste is diluted in water and spread out on a cloth.  The sheet of paper is then pressed to remove excess water and dried. The paper is passed between calendering rollers to improve its surface and finally wound.<\/span><\/p><p><span style=\"font-weight: 400;\">Additional treatments can be applied depending on the nature of the fibers and the final properties required by the craftsman. Rice paper is best used for calligraphy, lanterns and abat jour, Kraft for interior decoration, watercolor paper is thicker and more structured, designed for water-based painting techniques and illustrations, papier m\u00e2ch\u00e9 is a paste of shredded paper and glue to create sculptures and masks&#8230;. Paper is an essential medium for photography.<\/span><\/p>\t\t\t\t\t\t\t\t<\/div>\n\t\t\t\t<\/div>\n\t\t\t\t<div class=\"elementor-element elementor-element-5e1b693 elementor-align-left elementor-mobile-align-center elementor-widget elementor-widget-button\" data-id=\"5e1b693\" data-element_type=\"widget\" data-e-type=\"widget\" data-widget_type=\"button.default\">\n\t\t\t\t<div class=\"elementor-widget-container\">\n\t\t\t\t\t\t\t\t\t<div class=\"elementor-button-wrapper\">\n\t\t\t\t\t<a class=\"elementor-button elementor-button-link elementor-size-sm\" href=\"https:\/\/reverencesartisanats.com\/en\/paper\/\">\n\t\t\t\t\t\t<span class=\"elementor-button-content-wrapper\">\n\t\t\t\t\t\t\t\t\t<span class=\"elementor-button-text\">more<\/span>\n\t\t\t\t\t<\/span>\n\t\t\t\t\t<\/a>\n\t\t\t\t<\/div>\n\t\t\t\t\t\t\t\t<\/div>\n\t\t\t\t<\/div>\n\t\t\t\t<\/div>\n\t\t\t\t\t<\/div>\n\t\t\t\t<\/div>\n\t\t<div class=\"elementor-element elementor-element-a809b10 e-flex e-con-boxed e-con e-parent\" data-id=\"a809b10\" data-element_type=\"container\" data-e-type=\"container\">\n\t\t\t\t\t<div class=\"e-con-inner\">\n\t\t\t\t<div class=\"elementor-element elementor-element-360fb20 elementor-widget elementor-widget-spacer\" data-id=\"360fb20\" data-element_type=\"widget\" data-e-type=\"widget\" data-widget_type=\"spacer.default\">\n\t\t\t\t<div class=\"elementor-widget-container\">\n\t\t\t\t\t\t\t<div class=\"elementor-spacer\">\n\t\t\t<div class=\"elementor-spacer-inner\"><\/div>\n\t\t<\/div>\n\t\t\t\t\t\t<\/div>\n\t\t\t\t<\/div>\n\t\t\t\t\t<\/div>\n\t\t\t\t<\/div>\n\t\t\t\t<\/div>\n\t\t","protected":false},"excerpt":{"rendered":"<p>CRAFT Earth The materials used by potters and ceramicists are primarily composed of natural clay. Earthenware is a low-temperature clay fired at around 1100\u00b0C. It is appreciated for its plasticity and ease of handling. After firing, it remains soft and porous, requiring glazing to become impermeable. Stoneware fired at over 1200\u00b0C is a waterproof, frost-resistant [&hellip;]<\/p>\n","protected":false},"author":2,"featured_media":0,"parent":0,"menu_order":0,"comment_status":"closed","ping_status":"closed","template":"elementor_header_footer","meta":{"_acf_changed":false,"footnotes":""},"class_list":["post-2561","page","type-page","status-publish","hentry"],"acf":[],"yoast_head":"<!-- This site is optimized with the Yoast SEO plugin v27.3 - https:\/\/yoast.com\/product\/yoast-seo-wordpress\/ -->\n<title>Crafts - R\u00e9v\u00e9rences Artisanats<\/title>\n<meta name=\"robots\" content=\"index, follow, max-snippet:-1, max-image-preview:large, max-video-preview:-1\" \/>\n<link rel=\"canonical\" href=\"https:\/\/reverencesartisanats.com\/en\/crafts\/\" \/>\n<meta property=\"og:locale\" content=\"en_US\" \/>\n<meta property=\"og:type\" content=\"article\" \/>\n<meta property=\"og:title\" content=\"Crafts - R\u00e9v\u00e9rences Artisanats\" \/>\n<meta property=\"og:description\" content=\"CRAFT Earth The materials used by potters and ceramicists are primarily composed of natural clay. Earthenware is a low-temperature clay fired at around 1100\u00b0C. It is appreciated for its plasticity and ease of handling. After firing, it remains soft and porous, requiring glazing to become impermeable. Stoneware fired at over 1200\u00b0C is a waterproof, frost-resistant [&hellip;]\" \/>\n<meta property=\"og:url\" content=\"https:\/\/reverencesartisanats.com\/en\/crafts\/\" \/>\n<meta property=\"og:site_name\" content=\"R\u00e9v\u00e9rences Artisanats\" \/>\n<meta property=\"article:modified_time\" content=\"2025-05-12T11:07:38+00:00\" \/>\n<meta property=\"og:image\" content=\"https:\/\/reverencesartisanats.com\/wp-content\/uploads\/2025\/04\/Terre.webp\" \/>\n<meta name=\"twitter:card\" content=\"summary_large_image\" \/>\n<meta name=\"twitter:label1\" content=\"Est. reading time\" \/>\n\t<meta name=\"twitter:data1\" content=\"2 minutes\" \/>\n<script type=\"application\/ld+json\" class=\"yoast-schema-graph\">{\"@context\":\"https:\\\/\\\/schema.org\",\"@graph\":[{\"@type\":\"WebPage\",\"@id\":\"https:\\\/\\\/reverencesartisanats.com\\\/en\\\/crafts\\\/\",\"url\":\"https:\\\/\\\/reverencesartisanats.com\\\/en\\\/crafts\\\/\",\"name\":\"Crafts - R\u00e9v\u00e9rences Artisanats\",\"isPartOf\":{\"@id\":\"https:\\\/\\\/reverencesartisanats.com\\\/#website\"},\"primaryImageOfPage\":{\"@id\":\"https:\\\/\\\/reverencesartisanats.com\\\/en\\\/crafts\\\/#primaryimage\"},\"image\":{\"@id\":\"https:\\\/\\\/reverencesartisanats.com\\\/en\\\/crafts\\\/#primaryimage\"},\"thumbnailUrl\":\"https:\\\/\\\/reverencesartisanats.com\\\/wp-content\\\/uploads\\\/2025\\\/04\\\/Terre.webp\",\"datePublished\":\"2025-03-18T10:33:09+00:00\",\"dateModified\":\"2025-05-12T11:07:38+00:00\",\"breadcrumb\":{\"@id\":\"https:\\\/\\\/reverencesartisanats.com\\\/en\\\/crafts\\\/#breadcrumb\"},\"inLanguage\":\"en-US\",\"potentialAction\":[{\"@type\":\"ReadAction\",\"target\":[\"https:\\\/\\\/reverencesartisanats.com\\\/en\\\/crafts\\\/\"]}]},{\"@type\":\"ImageObject\",\"inLanguage\":\"en-US\",\"@id\":\"https:\\\/\\\/reverencesartisanats.com\\\/en\\\/crafts\\\/#primaryimage\",\"url\":\"https:\\\/\\\/reverencesartisanats.com\\\/wp-content\\\/uploads\\\/2025\\\/04\\\/Terre.webp\",\"contentUrl\":\"https:\\\/\\\/reverencesartisanats.com\\\/wp-content\\\/uploads\\\/2025\\\/04\\\/Terre.webp\"},{\"@type\":\"BreadcrumbList\",\"@id\":\"https:\\\/\\\/reverencesartisanats.com\\\/en\\\/crafts\\\/#breadcrumb\",\"itemListElement\":[{\"@type\":\"ListItem\",\"position\":1,\"name\":\"Accueil\",\"item\":\"https:\\\/\\\/reverencesartisanats.com\\\/en\\\/home\\\/\"},{\"@type\":\"ListItem\",\"position\":2,\"name\":\"Crafts\"}]},{\"@type\":\"WebSite\",\"@id\":\"https:\\\/\\\/reverencesartisanats.com\\\/#website\",\"url\":\"https:\\\/\\\/reverencesartisanats.com\\\/\",\"name\":\"R\u00e9v\u00e9rences Artisanats\",\"description\":\"La boutique des artisans d\u2019art passionn\u00e9s de la mati\u00e8re\",\"publisher\":{\"@id\":\"https:\\\/\\\/reverencesartisanats.com\\\/#organization\"},\"potentialAction\":[{\"@type\":\"SearchAction\",\"target\":{\"@type\":\"EntryPoint\",\"urlTemplate\":\"https:\\\/\\\/reverencesartisanats.com\\\/?s={search_term_string}\"},\"query-input\":{\"@type\":\"PropertyValueSpecification\",\"valueRequired\":true,\"valueName\":\"search_term_string\"}}],\"inLanguage\":\"en-US\"},{\"@type\":\"Organization\",\"@id\":\"https:\\\/\\\/reverencesartisanats.com\\\/#organization\",\"name\":\"R\u00e9v\u00e9rences Artisanats\",\"url\":\"https:\\\/\\\/reverencesartisanats.com\\\/\",\"logo\":{\"@type\":\"ImageObject\",\"inLanguage\":\"en-US\",\"@id\":\"https:\\\/\\\/reverencesartisanats.com\\\/#\\\/schema\\\/logo\\\/image\\\/\",\"url\":\"https:\\\/\\\/reverencesartisanats.com\\\/wp-content\\\/uploads\\\/2025\\\/03\\\/Reverences_Logo_complet_blanc-1-7.webp\",\"contentUrl\":\"https:\\\/\\\/reverencesartisanats.com\\\/wp-content\\\/uploads\\\/2025\\\/03\\\/Reverences_Logo_complet_blanc-1-7.webp\",\"width\":388,\"height\":304,\"caption\":\"R\u00e9v\u00e9rences Artisanats\"},\"image\":{\"@id\":\"https:\\\/\\\/reverencesartisanats.com\\\/#\\\/schema\\\/logo\\\/image\\\/\"}}]}<\/script>\n<!-- \/ Yoast SEO plugin. -->","yoast_head_json":{"title":"Crafts - R\u00e9v\u00e9rences Artisanats","robots":{"index":"index","follow":"follow","max-snippet":"max-snippet:-1","max-image-preview":"max-image-preview:large","max-video-preview":"max-video-preview:-1"},"canonical":"https:\/\/reverencesartisanats.com\/en\/crafts\/","og_locale":"en_US","og_type":"article","og_title":"Crafts - R\u00e9v\u00e9rences Artisanats","og_description":"CRAFT Earth The materials used by potters and ceramicists are primarily composed of natural clay. Earthenware is a low-temperature clay fired at around 1100\u00b0C. It is appreciated for its plasticity and ease of handling. After firing, it remains soft and porous, requiring glazing to become impermeable. Stoneware fired at over 1200\u00b0C is a waterproof, frost-resistant [&hellip;]","og_url":"https:\/\/reverencesartisanats.com\/en\/crafts\/","og_site_name":"R\u00e9v\u00e9rences Artisanats","article_modified_time":"2025-05-12T11:07:38+00:00","og_image":[{"url":"https:\/\/reverencesartisanats.com\/wp-content\/uploads\/2025\/04\/Terre.webp","type":"","width":"","height":""}],"twitter_card":"summary_large_image","twitter_misc":{"Est. reading time":"2 minutes"},"schema":{"@context":"https:\/\/schema.org","@graph":[{"@type":"WebPage","@id":"https:\/\/reverencesartisanats.com\/en\/crafts\/","url":"https:\/\/reverencesartisanats.com\/en\/crafts\/","name":"Crafts - R\u00e9v\u00e9rences Artisanats","isPartOf":{"@id":"https:\/\/reverencesartisanats.com\/#website"},"primaryImageOfPage":{"@id":"https:\/\/reverencesartisanats.com\/en\/crafts\/#primaryimage"},"image":{"@id":"https:\/\/reverencesartisanats.com\/en\/crafts\/#primaryimage"},"thumbnailUrl":"https:\/\/reverencesartisanats.com\/wp-content\/uploads\/2025\/04\/Terre.webp","datePublished":"2025-03-18T10:33:09+00:00","dateModified":"2025-05-12T11:07:38+00:00","breadcrumb":{"@id":"https:\/\/reverencesartisanats.com\/en\/crafts\/#breadcrumb"},"inLanguage":"en-US","potentialAction":[{"@type":"ReadAction","target":["https:\/\/reverencesartisanats.com\/en\/crafts\/"]}]},{"@type":"ImageObject","inLanguage":"en-US","@id":"https:\/\/reverencesartisanats.com\/en\/crafts\/#primaryimage","url":"https:\/\/reverencesartisanats.com\/wp-content\/uploads\/2025\/04\/Terre.webp","contentUrl":"https:\/\/reverencesartisanats.com\/wp-content\/uploads\/2025\/04\/Terre.webp"},{"@type":"BreadcrumbList","@id":"https:\/\/reverencesartisanats.com\/en\/crafts\/#breadcrumb","itemListElement":[{"@type":"ListItem","position":1,"name":"Accueil","item":"https:\/\/reverencesartisanats.com\/en\/home\/"},{"@type":"ListItem","position":2,"name":"Crafts"}]},{"@type":"WebSite","@id":"https:\/\/reverencesartisanats.com\/#website","url":"https:\/\/reverencesartisanats.com\/","name":"R\u00e9v\u00e9rences Artisanats","description":"La boutique des artisans d\u2019art passionn\u00e9s de la mati\u00e8re","publisher":{"@id":"https:\/\/reverencesartisanats.com\/#organization"},"potentialAction":[{"@type":"SearchAction","target":{"@type":"EntryPoint","urlTemplate":"https:\/\/reverencesartisanats.com\/?s={search_term_string}"},"query-input":{"@type":"PropertyValueSpecification","valueRequired":true,"valueName":"search_term_string"}}],"inLanguage":"en-US"},{"@type":"Organization","@id":"https:\/\/reverencesartisanats.com\/#organization","name":"R\u00e9v\u00e9rences Artisanats","url":"https:\/\/reverencesartisanats.com\/","logo":{"@type":"ImageObject","inLanguage":"en-US","@id":"https:\/\/reverencesartisanats.com\/#\/schema\/logo\/image\/","url":"https:\/\/reverencesartisanats.com\/wp-content\/uploads\/2025\/03\/Reverences_Logo_complet_blanc-1-7.webp","contentUrl":"https:\/\/reverencesartisanats.com\/wp-content\/uploads\/2025\/03\/Reverences_Logo_complet_blanc-1-7.webp","width":388,"height":304,"caption":"R\u00e9v\u00e9rences Artisanats"},"image":{"@id":"https:\/\/reverencesartisanats.com\/#\/schema\/logo\/image\/"}}]}},"_links":{"self":[{"href":"https:\/\/reverencesartisanats.com\/en\/wp-json\/wp\/v2\/pages\/2561","targetHints":{"allow":["GET"]}}],"collection":[{"href":"https:\/\/reverencesartisanats.com\/en\/wp-json\/wp\/v2\/pages"}],"about":[{"href":"https:\/\/reverencesartisanats.com\/en\/wp-json\/wp\/v2\/types\/page"}],"author":[{"embeddable":true,"href":"https:\/\/reverencesartisanats.com\/en\/wp-json\/wp\/v2\/users\/2"}],"replies":[{"embeddable":true,"href":"https:\/\/reverencesartisanats.com\/en\/wp-json\/wp\/v2\/comments?post=2561"}],"version-history":[{"count":9,"href":"https:\/\/reverencesartisanats.com\/en\/wp-json\/wp\/v2\/pages\/2561\/revisions"}],"predecessor-version":[{"id":5348,"href":"https:\/\/reverencesartisanats.com\/en\/wp-json\/wp\/v2\/pages\/2561\/revisions\/5348"}],"wp:attachment":[{"href":"https:\/\/reverencesartisanats.com\/en\/wp-json\/wp\/v2\/media?parent=2561"}],"curies":[{"name":"wp","href":"https:\/\/api.w.org\/{rel}","templated":true}]}}