{"id":2245,"date":"2025-02-07T13:27:43","date_gmt":"2025-02-07T12:27:43","guid":{"rendered":"https:\/\/reverencesartisanats.com\/my-account\/"},"modified":"2025-04-17T11:45:44","modified_gmt":"2025-04-17T09:45:44","slug":"my-account","status":"publish","type":"page","link":"https:\/\/reverencesartisanats.com\/en\/my-account\/","title":{"rendered":"My account"},"content":{"rendered":"\t\t<div data-elementor-type=\"wp-page\" data-elementor-id=\"2245\" class=\"elementor elementor-2245 elementor-12\" data-elementor-post-type=\"page\">\n\t\t\t\t<div class=\"elementor-element elementor-element-3342fac e-con-full e-flex e-con e-parent\" data-id=\"3342fac\" data-element_type=\"container\" data-e-type=\"container\">\n\t\t<div class=\"elementor-element elementor-element-235e749 e-con-full e-flex e-con e-child\" data-id=\"235e749\" data-element_type=\"container\" data-e-type=\"container\" data-settings=\"{&quot;background_background&quot;:&quot;classic&quot;}\">\n\t\t\t\t<div class=\"elementor-element elementor-element-2e77d02 elementor-widget elementor-widget-heading\" data-id=\"2e77d02\" data-element_type=\"widget\" data-e-type=\"widget\" data-widget_type=\"heading.default\">\n\t\t\t\t<div class=\"elementor-widget-container\">\n\t\t\t\t\t<h2 class=\"elementor-heading-title elementor-size-default\">My account<\/h2>\t\t\t\t<\/div>\n\t\t\t\t<\/div>\n\t\t\t\t<\/div>\n\t\t\t\t<\/div>\n\t\t<div class=\"elementor-element elementor-element-ee88662 e-flex e-con-boxed e-con e-parent\" data-id=\"ee88662\" data-element_type=\"container\" data-e-type=\"container\">\n\t\t\t\t\t<div class=\"e-con-inner\">\n\t\t\t\t<div class=\"elementor-element elementor-element-0160e73 e-my-account-tabs-vertical elementor-widget elementor-widget-woocommerce-my-account\" data-id=\"0160e73\" data-element_type=\"widget\" data-e-type=\"widget\" data-widget_type=\"woocommerce-my-account.default\">\n\t\t\t\t<div class=\"elementor-widget-container\">\n\t\t\t\t\t<div class=\"e-my-account-tab e-my-account-tab__ \">\t\t\t<div class=\"woocommerce\"><\/div>\t\t<\/div>\n\t\t\t\t\t\t<\/div>\n\t\t\t\t<\/div>\n\t\t\t\t\t<\/div>\n\t\t\t\t<\/div>\n\t\t\t\t<\/div>\n\t\t","protected":false},"excerpt":{"rendered":"<p>My account Se connecter Identifiant ou e-mail&nbsp;*Obligatoire Mot de passe&nbsp;*Obligatoire Se souvenir de moi Se connecter Mot de passe perdu\u00a0? S\u2019inscrire Adresse e-mail&nbsp;*Obligatoire Mot de passe&nbsp;*Obligatoire Pr\u00e9nom * Nom de famille * Nom du magasin * URL du magasin * https:\/\/reverencesartisanats.com\/artisans\/ Num\u00e9ro de t\u00e9l\u00e9phone* Je suis un client Je suis un vendeur Vos donn\u00e9es personnelles [&hellip;]<\/p>\n","protected":false},"author":2,"featured_media":0,"parent":0,"menu_order":0,"comment_status":"closed","ping_status":"closed","template":"elementor_header_footer","meta":{"_acf_changed":false,"footnotes":""},"class_list":["post-2245","page","type-page","status-publish","hentry"],"acf":[],"yoast_head":"<!-- This site is optimized with the Yoast SEO plugin v27.3 - https:\/\/yoast.com\/product\/yoast-seo-wordpress\/ -->\n<title>My account - R\u00e9v\u00e9rences Artisanats<\/title>\n<meta name=\"robots\" content=\"index, follow, max-snippet:-1, max-image-preview:large, max-video-preview:-1\" \/>\n<link rel=\"canonical\" href=\"https:\/\/reverencesartisanats.com\/en\/my-account\/\" \/>\n<meta property=\"og:locale\" content=\"en_US\" \/>\n<meta property=\"og:type\" content=\"article\" \/>\n<meta property=\"og:title\" content=\"My account - R\u00e9v\u00e9rences Artisanats\" \/>\n<meta property=\"og:description\" content=\"My account Se connecter Identifiant ou e-mail&nbsp;*Obligatoire Mot de passe&nbsp;*Obligatoire Se souvenir de moi Se connecter Mot de passe perdu\u00a0? S\u2019inscrire Adresse e-mail&nbsp;*Obligatoire Mot de passe&nbsp;*Obligatoire Pr\u00e9nom * Nom de famille * Nom du magasin * URL du magasin * https:\/\/reverencesartisanats.com\/artisans\/ Num\u00e9ro de t\u00e9l\u00e9phone* Je suis un client Je suis un vendeur Vos donn\u00e9es personnelles [&hellip;]\" \/>\n<meta property=\"og:url\" content=\"https:\/\/reverencesartisanats.com\/en\/my-account\/\" \/>\n<meta property=\"og:site_name\" content=\"R\u00e9v\u00e9rences Artisanats\" \/>\n<meta property=\"article:modified_time\" content=\"2025-04-17T09:45:44+00:00\" \/>\n<meta name=\"twitter:card\" content=\"summary_large_image\" \/>\n<meta name=\"twitter:label1\" content=\"Est. reading time\" \/>\n\t<meta name=\"twitter:data1\" content=\"1 minute\" \/>\n<script type=\"application\/ld+json\" class=\"yoast-schema-graph\">{\"@context\":\"https:\\\/\\\/schema.org\",\"@graph\":[{\"@type\":\"WebPage\",\"@id\":\"https:\\\/\\\/reverencesartisanats.com\\\/en\\\/my-account\\\/\",\"url\":\"https:\\\/\\\/reverencesartisanats.com\\\/en\\\/my-account\\\/\",\"name\":\"My account - R\u00e9v\u00e9rences Artisanats\",\"isPartOf\":{\"@id\":\"https:\\\/\\\/reverencesartisanats.com\\\/#website\"},\"datePublished\":\"2025-02-07T12:27:43+00:00\",\"dateModified\":\"2025-04-17T09:45:44+00:00\",\"breadcrumb\":{\"@id\":\"https:\\\/\\\/reverencesartisanats.com\\\/en\\\/my-account\\\/#breadcrumb\"},\"inLanguage\":\"en-US\",\"potentialAction\":[{\"@type\":\"ReadAction\",\"target\":[\"https:\\\/\\\/reverencesartisanats.com\\\/en\\\/my-account\\\/\"]}]},{\"@type\":\"BreadcrumbList\",\"@id\":\"https:\\\/\\\/reverencesartisanats.com\\\/en\\\/my-account\\\/#breadcrumb\",\"itemListElement\":[{\"@type\":\"ListItem\",\"position\":1,\"name\":\"Accueil\",\"item\":\"https:\\\/\\\/reverencesartisanats.com\\\/en\\\/home\\\/\"},{\"@type\":\"ListItem\",\"position\":2,\"name\":\"My account\"}]},{\"@type\":\"WebSite\",\"@id\":\"https:\\\/\\\/reverencesartisanats.com\\\/#website\",\"url\":\"https:\\\/\\\/reverencesartisanats.com\\\/\",\"name\":\"R\u00e9v\u00e9rences Artisanats\",\"description\":\"La boutique des artisans d\u2019art passionn\u00e9s de la mati\u00e8re\",\"publisher\":{\"@id\":\"https:\\\/\\\/reverencesartisanats.com\\\/#organization\"},\"potentialAction\":[{\"@type\":\"SearchAction\",\"target\":{\"@type\":\"EntryPoint\",\"urlTemplate\":\"https:\\\/\\\/reverencesartisanats.com\\\/?s={search_term_string}\"},\"query-input\":{\"@type\":\"PropertyValueSpecification\",\"valueRequired\":true,\"valueName\":\"search_term_string\"}}],\"inLanguage\":\"en-US\"},{\"@type\":\"Organization\",\"@id\":\"https:\\\/\\\/reverencesartisanats.com\\\/#organization\",\"name\":\"R\u00e9v\u00e9rences Artisanats\",\"url\":\"https:\\\/\\\/reverencesartisanats.com\\\/\",\"logo\":{\"@type\":\"ImageObject\",\"inLanguage\":\"en-US\",\"@id\":\"https:\\\/\\\/reverencesartisanats.com\\\/#\\\/schema\\\/logo\\\/image\\\/\",\"url\":\"https:\\\/\\\/reverencesartisanats.com\\\/wp-content\\\/uploads\\\/2025\\\/03\\\/Reverences_Logo_complet_blanc-1-7.webp\",\"contentUrl\":\"https:\\\/\\\/reverencesartisanats.com\\\/wp-content\\\/uploads\\\/2025\\\/03\\\/Reverences_Logo_complet_blanc-1-7.webp\",\"width\":388,\"height\":304,\"caption\":\"R\u00e9v\u00e9rences Artisanats\"},\"image\":{\"@id\":\"https:\\\/\\\/reverencesartisanats.com\\\/#\\\/schema\\\/logo\\\/image\\\/\"}}]}<\/script>\n<!-- \/ Yoast SEO plugin. -->","yoast_head_json":{"title":"My account - R\u00e9v\u00e9rences Artisanats","robots":{"index":"index","follow":"follow","max-snippet":"max-snippet:-1","max-image-preview":"max-image-preview:large","max-video-preview":"max-video-preview:-1"},"canonical":"https:\/\/reverencesartisanats.com\/en\/my-account\/","og_locale":"en_US","og_type":"article","og_title":"My account - R\u00e9v\u00e9rences Artisanats","og_description":"My account Se connecter Identifiant ou e-mail&nbsp;*Obligatoire Mot de passe&nbsp;*Obligatoire Se souvenir de moi Se connecter Mot de passe perdu\u00a0? S\u2019inscrire Adresse e-mail&nbsp;*Obligatoire Mot de passe&nbsp;*Obligatoire Pr\u00e9nom * Nom de famille * Nom du magasin * URL du magasin * https:\/\/reverencesartisanats.com\/artisans\/ Num\u00e9ro de t\u00e9l\u00e9phone* Je suis un client Je suis un vendeur Vos donn\u00e9es personnelles [&hellip;]","og_url":"https:\/\/reverencesartisanats.com\/en\/my-account\/","og_site_name":"R\u00e9v\u00e9rences Artisanats","article_modified_time":"2025-04-17T09:45:44+00:00","twitter_card":"summary_large_image","twitter_misc":{"Est. reading time":"1 minute"},"schema":{"@context":"https:\/\/schema.org","@graph":[{"@type":"WebPage","@id":"https:\/\/reverencesartisanats.com\/en\/my-account\/","url":"https:\/\/reverencesartisanats.com\/en\/my-account\/","name":"My account - R\u00e9v\u00e9rences Artisanats","isPartOf":{"@id":"https:\/\/reverencesartisanats.com\/#website"},"datePublished":"2025-02-07T12:27:43+00:00","dateModified":"2025-04-17T09:45:44+00:00","breadcrumb":{"@id":"https:\/\/reverencesartisanats.com\/en\/my-account\/#breadcrumb"},"inLanguage":"en-US","potentialAction":[{"@type":"ReadAction","target":["https:\/\/reverencesartisanats.com\/en\/my-account\/"]}]},{"@type":"BreadcrumbList","@id":"https:\/\/reverencesartisanats.com\/en\/my-account\/#breadcrumb","itemListElement":[{"@type":"ListItem","position":1,"name":"Accueil","item":"https:\/\/reverencesartisanats.com\/en\/home\/"},{"@type":"ListItem","position":2,"name":"My account"}]},{"@type":"WebSite","@id":"https:\/\/reverencesartisanats.com\/#website","url":"https:\/\/reverencesartisanats.com\/","name":"R\u00e9v\u00e9rences Artisanats","description":"La boutique des artisans d\u2019art passionn\u00e9s de la mati\u00e8re","publisher":{"@id":"https:\/\/reverencesartisanats.com\/#organization"},"potentialAction":[{"@type":"SearchAction","target":{"@type":"EntryPoint","urlTemplate":"https:\/\/reverencesartisanats.com\/?s={search_term_string}"},"query-input":{"@type":"PropertyValueSpecification","valueRequired":true,"valueName":"search_term_string"}}],"inLanguage":"en-US"},{"@type":"Organization","@id":"https:\/\/reverencesartisanats.com\/#organization","name":"R\u00e9v\u00e9rences Artisanats","url":"https:\/\/reverencesartisanats.com\/","logo":{"@type":"ImageObject","inLanguage":"en-US","@id":"https:\/\/reverencesartisanats.com\/#\/schema\/logo\/image\/","url":"https:\/\/reverencesartisanats.com\/wp-content\/uploads\/2025\/03\/Reverences_Logo_complet_blanc-1-7.webp","contentUrl":"https:\/\/reverencesartisanats.com\/wp-content\/uploads\/2025\/03\/Reverences_Logo_complet_blanc-1-7.webp","width":388,"height":304,"caption":"R\u00e9v\u00e9rences Artisanats"},"image":{"@id":"https:\/\/reverencesartisanats.com\/#\/schema\/logo\/image\/"}}]}},"_links":{"self":[{"href":"https:\/\/reverencesartisanats.com\/en\/wp-json\/wp\/v2\/pages\/2245","targetHints":{"allow":["GET"]}}],"collection":[{"href":"https:\/\/reverencesartisanats.com\/en\/wp-json\/wp\/v2\/pages"}],"about":[{"href":"https:\/\/reverencesartisanats.com\/en\/wp-json\/wp\/v2\/types\/page"}],"author":[{"embeddable":true,"href":"https:\/\/reverencesartisanats.com\/en\/wp-json\/wp\/v2\/users\/2"}],"replies":[{"embeddable":true,"href":"https:\/\/reverencesartisanats.com\/en\/wp-json\/wp\/v2\/comments?post=2245"}],"version-history":[{"count":3,"href":"https:\/\/reverencesartisanats.com\/en\/wp-json\/wp\/v2\/pages\/2245\/revisions"}],"predecessor-version":[{"id":3654,"href":"https:\/\/reverencesartisanats.com\/en\/wp-json\/wp\/v2\/pages\/2245\/revisions\/3654"}],"wp:attachment":[{"href":"https:\/\/reverencesartisanats.com\/en\/wp-json\/wp\/v2\/media?parent=2245"}],"curies":[{"name":"wp","href":"https:\/\/api.w.org\/{rel}","templated":true}]}}