{"id":2243,"date":"2025-02-07T13:27:43","date_gmt":"2025-02-07T12:27:43","guid":{"rendered":"https:\/\/reverencesartisanats.com\/cart\/"},"modified":"2025-04-22T16:29:06","modified_gmt":"2025-04-22T14:29:06","slug":"cart","status":"publish","type":"page","link":"https:\/\/reverencesartisanats.com\/en\/cart\/","title":{"rendered":"Basket"},"content":{"rendered":"\t\t<div data-elementor-type=\"wp-page\" data-elementor-id=\"2243\" class=\"elementor elementor-2243 elementor-10\" data-elementor-post-type=\"page\">\n\t\t\t\t<div class=\"elementor-element elementor-element-d4958a4 e-flex e-con-boxed e-con e-parent\" data-id=\"d4958a4\" data-element_type=\"container\" data-e-type=\"container\">\n\t\t\t\t\t<div class=\"e-con-inner\">\n\t\t\t\t<div class=\"elementor-element elementor-element-f60d0b8 elementor-widget elementor-widget-heading\" data-id=\"f60d0b8\" data-element_type=\"widget\" data-e-type=\"widget\" data-widget_type=\"heading.default\">\n\t\t\t\t<div class=\"elementor-widget-container\">\n\t\t\t\t\t<h2 class=\"elementor-heading-title elementor-size-default\">Basket<\/h2>\t\t\t\t<\/div>\n\t\t\t\t<\/div>\n\t\t\t\t\t<\/div>\n\t\t\t\t<\/div>\n\t\t<div class=\"elementor-element elementor-element-5f5bbc0 e-flex e-con-boxed e-con e-parent\" data-id=\"5f5bbc0\" data-element_type=\"container\" data-e-type=\"container\">\n\t\t\t\t\t<div class=\"e-con-inner\">\n\t\t<div class=\"elementor-element elementor-element-5ad5ac9 e-con-full e-flex e-con e-child\" data-id=\"5ad5ac9\" data-element_type=\"container\" data-e-type=\"container\">\n\t\t\t\t<\/div>\n\t\t\t\t\t<\/div>\n\t\t\t\t<\/div>\n\t\t<div class=\"elementor-element elementor-element-12a4ddc e-flex e-con-boxed e-con e-parent\" data-id=\"12a4ddc\" data-element_type=\"container\" data-e-type=\"container\">\n\t\t\t\t\t<div class=\"e-con-inner\">\n\t\t\t\t<div class=\"elementor-element elementor-element-e0f0d67 elementor-widget elementor-widget-spacer\" data-id=\"e0f0d67\" data-element_type=\"widget\" data-e-type=\"widget\" data-widget_type=\"spacer.default\">\n\t\t\t\t<div class=\"elementor-widget-container\">\n\t\t\t\t\t\t\t<div class=\"elementor-spacer\">\n\t\t\t<div class=\"elementor-spacer-inner\"><\/div>\n\t\t<\/div>\n\t\t\t\t\t\t<\/div>\n\t\t\t\t<\/div>\n\t\t\t\t\t<\/div>\n\t\t\t\t<\/div>\n\t\t\t\t<\/div>\n\t\t","protected":false},"excerpt":{"rendered":"<p>Basket Supprimer l\u2019\u00e9l\u00e9ment Miniature Produit Prix Quantit\u00e9 Sous-total &times; Bol Artisan: Donatelle Richard 30,00&nbsp;&euro; quantit\u00e9 de Bol&nbsp; 30,00&nbsp;&euro; &times; Guitare fleurie Artisan: Mary Naudin 100,00&nbsp;&euro; quantit\u00e9 de Guitare fleurie&nbsp; 400,00&nbsp;&euro; Update basket Apply promo code Basket totals Sous-total 430,00&nbsp;&euro; Total 430,00&nbsp;&euro; (dont 66,67&nbsp;&euro; TVA) Proceed to order<\/p>\n","protected":false},"author":2,"featured_media":0,"parent":0,"menu_order":0,"comment_status":"closed","ping_status":"closed","template":"","meta":{"_acf_changed":false,"footnotes":""},"class_list":["post-2243","page","type-page","status-publish","hentry"],"acf":[],"yoast_head":"<!-- This site is optimized with the Yoast SEO plugin v27.3 - https:\/\/yoast.com\/product\/yoast-seo-wordpress\/ -->\n<title>Basket - R\u00e9v\u00e9rences Artisanats<\/title>\n<meta name=\"robots\" content=\"index, follow, max-snippet:-1, max-image-preview:large, max-video-preview:-1\" \/>\n<link rel=\"canonical\" href=\"https:\/\/reverencesartisanats.com\/en\/cart\/\" \/>\n<meta property=\"og:locale\" content=\"en_US\" \/>\n<meta property=\"og:type\" content=\"article\" \/>\n<meta property=\"og:title\" content=\"Basket - R\u00e9v\u00e9rences Artisanats\" \/>\n<meta property=\"og:description\" content=\"Basket Supprimer l\u2019\u00e9l\u00e9ment Miniature Produit Prix Quantit\u00e9 Sous-total &times; Bol Artisan: Donatelle Richard 30,00&nbsp;&euro; quantit\u00e9 de Bol&nbsp; 30,00&nbsp;&euro; &times; Guitare fleurie Artisan: Mary Naudin 100,00&nbsp;&euro; quantit\u00e9 de Guitare fleurie&nbsp; 400,00&nbsp;&euro; Update basket Apply promo code Basket totals Sous-total 430,00&nbsp;&euro; Total 430,00&nbsp;&euro; (dont 66,67&nbsp;&euro; TVA) Proceed to order\" \/>\n<meta property=\"og:url\" content=\"https:\/\/reverencesartisanats.com\/en\/cart\/\" \/>\n<meta property=\"og:site_name\" content=\"R\u00e9v\u00e9rences Artisanats\" \/>\n<meta property=\"article:modified_time\" content=\"2025-04-22T14:29:06+00:00\" \/>\n<meta property=\"og:image\" content=\"https:\/\/reverencesartisanats.com\/wp-content\/uploads\/2025\/03\/bol-pastille3-300x300.webp\" \/>\n<meta name=\"twitter:card\" content=\"summary_large_image\" \/>\n<script type=\"application\/ld+json\" class=\"yoast-schema-graph\">{\"@context\":\"https:\\\/\\\/schema.org\",\"@graph\":[{\"@type\":\"WebPage\",\"@id\":\"https:\\\/\\\/reverencesartisanats.com\\\/en\\\/cart\\\/\",\"url\":\"https:\\\/\\\/reverencesartisanats.com\\\/en\\\/cart\\\/\",\"name\":\"Basket - R\u00e9v\u00e9rences Artisanats\",\"isPartOf\":{\"@id\":\"https:\\\/\\\/reverencesartisanats.com\\\/#website\"},\"primaryImageOfPage\":{\"@id\":\"https:\\\/\\\/reverencesartisanats.com\\\/en\\\/cart\\\/#primaryimage\"},\"image\":{\"@id\":\"https:\\\/\\\/reverencesartisanats.com\\\/en\\\/cart\\\/#primaryimage\"},\"thumbnailUrl\":\"https:\\\/\\\/reverencesartisanats.com\\\/wp-content\\\/uploads\\\/2025\\\/03\\\/bol-pastille3-300x300.webp\",\"datePublished\":\"2025-02-07T12:27:43+00:00\",\"dateModified\":\"2025-04-22T14:29:06+00:00\",\"breadcrumb\":{\"@id\":\"https:\\\/\\\/reverencesartisanats.com\\\/en\\\/cart\\\/#breadcrumb\"},\"inLanguage\":\"en-US\",\"potentialAction\":[{\"@type\":\"ReadAction\",\"target\":[\"https:\\\/\\\/reverencesartisanats.com\\\/en\\\/cart\\\/\"]}]},{\"@type\":\"ImageObject\",\"inLanguage\":\"en-US\",\"@id\":\"https:\\\/\\\/reverencesartisanats.com\\\/en\\\/cart\\\/#primaryimage\",\"url\":\"https:\\\/\\\/reverencesartisanats.com\\\/wp-content\\\/uploads\\\/2025\\\/03\\\/bol-pastille3-300x300.webp\",\"contentUrl\":\"https:\\\/\\\/reverencesartisanats.com\\\/wp-content\\\/uploads\\\/2025\\\/03\\\/bol-pastille3-300x300.webp\"},{\"@type\":\"BreadcrumbList\",\"@id\":\"https:\\\/\\\/reverencesartisanats.com\\\/en\\\/cart\\\/#breadcrumb\",\"itemListElement\":[{\"@type\":\"ListItem\",\"position\":1,\"name\":\"Accueil\",\"item\":\"https:\\\/\\\/reverencesartisanats.com\\\/en\\\/home\\\/\"},{\"@type\":\"ListItem\",\"position\":2,\"name\":\"Basket\"}]},{\"@type\":\"WebSite\",\"@id\":\"https:\\\/\\\/reverencesartisanats.com\\\/#website\",\"url\":\"https:\\\/\\\/reverencesartisanats.com\\\/\",\"name\":\"R\u00e9v\u00e9rences Artisanats\",\"description\":\"La boutique des artisans d\u2019art passionn\u00e9s de la mati\u00e8re\",\"publisher\":{\"@id\":\"https:\\\/\\\/reverencesartisanats.com\\\/#organization\"},\"potentialAction\":[{\"@type\":\"SearchAction\",\"target\":{\"@type\":\"EntryPoint\",\"urlTemplate\":\"https:\\\/\\\/reverencesartisanats.com\\\/?s={search_term_string}\"},\"query-input\":{\"@type\":\"PropertyValueSpecification\",\"valueRequired\":true,\"valueName\":\"search_term_string\"}}],\"inLanguage\":\"en-US\"},{\"@type\":\"Organization\",\"@id\":\"https:\\\/\\\/reverencesartisanats.com\\\/#organization\",\"name\":\"R\u00e9v\u00e9rences Artisanats\",\"url\":\"https:\\\/\\\/reverencesartisanats.com\\\/\",\"logo\":{\"@type\":\"ImageObject\",\"inLanguage\":\"en-US\",\"@id\":\"https:\\\/\\\/reverencesartisanats.com\\\/#\\\/schema\\\/logo\\\/image\\\/\",\"url\":\"https:\\\/\\\/reverencesartisanats.com\\\/wp-content\\\/uploads\\\/2025\\\/03\\\/Reverences_Logo_complet_blanc-1-7.webp\",\"contentUrl\":\"https:\\\/\\\/reverencesartisanats.com\\\/wp-content\\\/uploads\\\/2025\\\/03\\\/Reverences_Logo_complet_blanc-1-7.webp\",\"width\":388,\"height\":304,\"caption\":\"R\u00e9v\u00e9rences Artisanats\"},\"image\":{\"@id\":\"https:\\\/\\\/reverencesartisanats.com\\\/#\\\/schema\\\/logo\\\/image\\\/\"}}]}<\/script>\n<!-- \/ Yoast SEO plugin. -->","yoast_head_json":{"title":"Basket - R\u00e9v\u00e9rences Artisanats","robots":{"index":"index","follow":"follow","max-snippet":"max-snippet:-1","max-image-preview":"max-image-preview:large","max-video-preview":"max-video-preview:-1"},"canonical":"https:\/\/reverencesartisanats.com\/en\/cart\/","og_locale":"en_US","og_type":"article","og_title":"Basket - R\u00e9v\u00e9rences Artisanats","og_description":"Basket Supprimer l\u2019\u00e9l\u00e9ment Miniature Produit Prix Quantit\u00e9 Sous-total &times; Bol Artisan: Donatelle Richard 30,00&nbsp;&euro; quantit\u00e9 de Bol&nbsp; 30,00&nbsp;&euro; &times; Guitare fleurie Artisan: Mary Naudin 100,00&nbsp;&euro; quantit\u00e9 de Guitare fleurie&nbsp; 400,00&nbsp;&euro; Update basket Apply promo code Basket totals Sous-total 430,00&nbsp;&euro; Total 430,00&nbsp;&euro; (dont 66,67&nbsp;&euro; TVA) Proceed to order","og_url":"https:\/\/reverencesartisanats.com\/en\/cart\/","og_site_name":"R\u00e9v\u00e9rences Artisanats","article_modified_time":"2025-04-22T14:29:06+00:00","og_image":[{"url":"https:\/\/reverencesartisanats.com\/wp-content\/uploads\/2025\/03\/bol-pastille3-300x300.webp","type":"","width":"","height":""}],"twitter_card":"summary_large_image","schema":{"@context":"https:\/\/schema.org","@graph":[{"@type":"WebPage","@id":"https:\/\/reverencesartisanats.com\/en\/cart\/","url":"https:\/\/reverencesartisanats.com\/en\/cart\/","name":"Basket - R\u00e9v\u00e9rences Artisanats","isPartOf":{"@id":"https:\/\/reverencesartisanats.com\/#website"},"primaryImageOfPage":{"@id":"https:\/\/reverencesartisanats.com\/en\/cart\/#primaryimage"},"image":{"@id":"https:\/\/reverencesartisanats.com\/en\/cart\/#primaryimage"},"thumbnailUrl":"https:\/\/reverencesartisanats.com\/wp-content\/uploads\/2025\/03\/bol-pastille3-300x300.webp","datePublished":"2025-02-07T12:27:43+00:00","dateModified":"2025-04-22T14:29:06+00:00","breadcrumb":{"@id":"https:\/\/reverencesartisanats.com\/en\/cart\/#breadcrumb"},"inLanguage":"en-US","potentialAction":[{"@type":"ReadAction","target":["https:\/\/reverencesartisanats.com\/en\/cart\/"]}]},{"@type":"ImageObject","inLanguage":"en-US","@id":"https:\/\/reverencesartisanats.com\/en\/cart\/#primaryimage","url":"https:\/\/reverencesartisanats.com\/wp-content\/uploads\/2025\/03\/bol-pastille3-300x300.webp","contentUrl":"https:\/\/reverencesartisanats.com\/wp-content\/uploads\/2025\/03\/bol-pastille3-300x300.webp"},{"@type":"BreadcrumbList","@id":"https:\/\/reverencesartisanats.com\/en\/cart\/#breadcrumb","itemListElement":[{"@type":"ListItem","position":1,"name":"Accueil","item":"https:\/\/reverencesartisanats.com\/en\/home\/"},{"@type":"ListItem","position":2,"name":"Basket"}]},{"@type":"WebSite","@id":"https:\/\/reverencesartisanats.com\/#website","url":"https:\/\/reverencesartisanats.com\/","name":"R\u00e9v\u00e9rences Artisanats","description":"La boutique des artisans d\u2019art passionn\u00e9s de la mati\u00e8re","publisher":{"@id":"https:\/\/reverencesartisanats.com\/#organization"},"potentialAction":[{"@type":"SearchAction","target":{"@type":"EntryPoint","urlTemplate":"https:\/\/reverencesartisanats.com\/?s={search_term_string}"},"query-input":{"@type":"PropertyValueSpecification","valueRequired":true,"valueName":"search_term_string"}}],"inLanguage":"en-US"},{"@type":"Organization","@id":"https:\/\/reverencesartisanats.com\/#organization","name":"R\u00e9v\u00e9rences Artisanats","url":"https:\/\/reverencesartisanats.com\/","logo":{"@type":"ImageObject","inLanguage":"en-US","@id":"https:\/\/reverencesartisanats.com\/#\/schema\/logo\/image\/","url":"https:\/\/reverencesartisanats.com\/wp-content\/uploads\/2025\/03\/Reverences_Logo_complet_blanc-1-7.webp","contentUrl":"https:\/\/reverencesartisanats.com\/wp-content\/uploads\/2025\/03\/Reverences_Logo_complet_blanc-1-7.webp","width":388,"height":304,"caption":"R\u00e9v\u00e9rences Artisanats"},"image":{"@id":"https:\/\/reverencesartisanats.com\/#\/schema\/logo\/image\/"}}]}},"_links":{"self":[{"href":"https:\/\/reverencesartisanats.com\/en\/wp-json\/wp\/v2\/pages\/2243","targetHints":{"allow":["GET"]}}],"collection":[{"href":"https:\/\/reverencesartisanats.com\/en\/wp-json\/wp\/v2\/pages"}],"about":[{"href":"https:\/\/reverencesartisanats.com\/en\/wp-json\/wp\/v2\/types\/page"}],"author":[{"embeddable":true,"href":"https:\/\/reverencesartisanats.com\/en\/wp-json\/wp\/v2\/users\/2"}],"replies":[{"embeddable":true,"href":"https:\/\/reverencesartisanats.com\/en\/wp-json\/wp\/v2\/comments?post=2243"}],"version-history":[{"count":5,"href":"https:\/\/reverencesartisanats.com\/en\/wp-json\/wp\/v2\/pages\/2243\/revisions"}],"predecessor-version":[{"id":4154,"href":"https:\/\/reverencesartisanats.com\/en\/wp-json\/wp\/v2\/pages\/2243\/revisions\/4154"}],"wp:attachment":[{"href":"https:\/\/reverencesartisanats.com\/en\/wp-json\/wp\/v2\/media?parent=2243"}],"curies":[{"name":"wp","href":"https:\/\/api.w.org\/{rel}","templated":true}]}}